{"id":372,"date":"2019-02-06T10:15:03","date_gmt":"2019-02-06T10:15:03","guid":{"rendered":"http:\/\/yildizteknikmanavgat.com\/?page_id=372"},"modified":"2019-12-31T11:10:31","modified_gmt":"2019-12-31T11:10:31","slug":"dalgic-pompa-sistemleri","status":"publish","type":"page","link":"https:\/\/yildizteknikmanavgat.com\/?page_id=372","title":{"rendered":"Dalg\u0131\u00e7 Pompa Sistemleri"},"content":{"rendered":"\n<figure class=\"wp-block-image\"><img decoding=\"async\" loading=\"lazy\" width=\"842\" height=\"325\" src=\"http:\/\/yildizteknikmanavgat.com\/wp-content\/uploads\/2014\/09\/dalgic-pompa-hidrofor-kazani-nortek-alarko-impo.jpg\" alt=\"\" class=\"wp-image-262\" srcset=\"https:\/\/yildizteknikmanavgat.com\/wp-content\/uploads\/2014\/09\/dalgic-pompa-hidrofor-kazani-nortek-alarko-impo.jpg 842w, https:\/\/yildizteknikmanavgat.com\/wp-content\/uploads\/2014\/09\/dalgic-pompa-hidrofor-kazani-nortek-alarko-impo-300x116.jpg 300w, https:\/\/yildizteknikmanavgat.com\/wp-content\/uploads\/2014\/09\/dalgic-pompa-hidrofor-kazani-nortek-alarko-impo-768x296.jpg 768w\" sizes=\"(max-width: 842px) 100vw, 842px\" \/><\/figure>\n\n\n\n<p><strong>Dalg\u0131\u00e7 Pompa Nedir? Nas\u0131l \u00c7al\u0131\u015f\u0131r?<\/strong> <\/p>\n\n\n\n<p><br> Dalg\u0131\u00e7 pompa, s\u0131k\u0131 bir \u015fekilde kapal\u0131 olmakla birlikte hava ve su \u00e7\u0131k\u0131\u015flar\u0131n\u0131n olma olas\u0131l\u0131\u011f\u0131 s\u0131f\u0131r olan ve monte motora sahip pompalara verilen genel bir isim olarak tan\u0131mlayabiliriz. \u00dclkemiz de genellikle tarlalarda duydu\u011fumuz dalg\u0131\u00e7 pompalar bir\u00e7ok farkl\u0131 ama\u00e7 i\u00e7in kullan\u0131lmaktad\u0131r. Yaz\u0131m\u0131zda dalg\u0131\u00e7 pompan\u0131n ne i\u015fe yarad\u0131\u011f\u0131n\u0131, nas\u0131l \u00e7al\u0131\u015ft\u0131\u011f\u0131n\u0131 ve \u00f6zelliklerini bulabileceksiniz.<\/p>\n\n\n\n<p><strong>Dalg\u0131\u00e7 Pompa Ne \u0130\u015fe Yarar?<\/strong><\/p>\n\n\n\n<p><br> Su i\u015flemleri \u00f6zelinde faydal\u0131 olan dalg\u0131\u00e7 pompa kullan\u0131mlar\u0131 modellerine g\u00f6re farkl\u0131l\u0131k g\u00f6sterir. Tek kademli olan dalg\u0131\u00e7 pompalar \u00f6zellikle kanalizasyon ve drenaj i\u015flemlerinde yararlan\u0131l\u0131r. Bunun haricinde \u00e7ok daha \u00f6zelli\u011fe sahip olan kademeli dalg\u0131\u00e7 pompalar\u0131 ise kuyulardan su \u00e7\u0131karmak i\u00e7in kullan\u0131lmaktad\u0131r.<\/p>\n\n\n\n<figure class=\"wp-block-image size-large\"><a href=\"http:\/\/yildizteknikmanavgat.com\/?page_id=498\"><img decoding=\"async\" loading=\"lazy\" width=\"1024\" height=\"656\" src=\"http:\/\/yildizteknikmanavgat.com\/wp-content\/uploads\/2019\/12\/MUZ-SEBZE-EJDER-MEYVES\u0130-sifir-faizli-tarimsal-sulama-kredisi-2-1024x656.jpg\" alt=\"\" class=\"wp-image-587\" srcset=\"https:\/\/yildizteknikmanavgat.com\/wp-content\/uploads\/2019\/12\/MUZ-SEBZE-EJDER-MEYVES\u0130-sifir-faizli-tarimsal-sulama-kredisi-2-1024x656.jpg 1024w, https:\/\/yildizteknikmanavgat.com\/wp-content\/uploads\/2019\/12\/MUZ-SEBZE-EJDER-MEYVES\u0130-sifir-faizli-tarimsal-sulama-kredisi-2-300x192.jpg 300w, https:\/\/yildizteknikmanavgat.com\/wp-content\/uploads\/2019\/12\/MUZ-SEBZE-EJDER-MEYVES\u0130-sifir-faizli-tarimsal-sulama-kredisi-2-768x492.jpg 768w, https:\/\/yildizteknikmanavgat.com\/wp-content\/uploads\/2019\/12\/MUZ-SEBZE-EJDER-MEYVES\u0130-sifir-faizli-tarimsal-sulama-kredisi-2.jpg 1074w\" sizes=\"(max-width: 1024px) 100vw, 1024px\" \/><\/a><\/figure>\n\n\n\n<p>\u00c7ok daha derin sondaj i\u015flemlerinde de kullan\u0131ld\u0131\u011f\u0131 g\u00f6r\u00fclmektedir. Kuyu i\u015flemlerinde kullan\u0131lan dalg\u0131\u00e7 pompalar\u0131yla ilgili \u00f6nemli bir\u00e7ok husus bulunmaktad\u0131r. \u00d6ncelikli olarak i\u015flemlerden \u00f6cen kuyuya uygun dalg\u0131\u00e7 pompa se\u00e7imi yap\u0131lmal\u0131d\u0131r. Ard\u0131ndan kuyu debisinin yeterli oldu\u011fu kontrol\u00fc yap\u0131ld\u0131ktan sonra dalg\u0131\u00e7 pompan\u0131n debi ve basma y\u00fcksekli\u011finin uygun olup olmad\u0131\u011f\u0131 test edilmelidir.<\/p>\n\n\n\n<figure class=\"wp-block-image\"><img decoding=\"async\" loading=\"lazy\" width=\"169\" height=\"255\" src=\"http:\/\/yildizteknikmanavgat.com\/wp-content\/uploads\/2019\/02\/dalgic20-2.jpg\" alt=\"\" class=\"wp-image-393\"\/><\/figure>\n\n\n\n<p><strong>Dalg\u0131\u00e7 Pompa Nas\u0131l \u00c7al\u0131\u015f\u0131r?<\/strong><\/p>\n\n\n\n<p><br> Pompa g\u00f6vdesine biti\u015fik olarak monte edilen motora sahip olan dalg\u0131\u00e7 pompalarda ba\u011flant\u0131 yerleri ise tamamen izole edilmektedir. Bu sayede hi\u00e7bir \u015fekilde hava ya da su s\u0131zd\u0131rma durumlar\u0131 olmazken d\u0131\u015f etkenlerden ba\u011f\u0131ms\u0131z bir \u015fekilde \u00e7al\u0131\u015fmas\u0131 da en \u00f6nemli \u00f6zelliklerinin ba\u015f\u0131nda gelmektedir. Bundan dolay\u0131 kullan\u0131m\u0131 \u00e7ok g\u00fcvenli ve verimli olurken ayn\u0131 zamanda pratikli\u011fi de i\u00e7erir. Sahip oldu\u011fu mekanik salmastra sistemleri neticesinde motor k\u0131sm\u0131na ak\u0131\u015fkan\u0131n pompalanma durumu ortadan kald\u0131r\u0131lmaktad\u0131r. \u00c7o\u011funlukla derin kuyu, t\u00fcnellerde kullan\u0131ma uygun olurken ayn\u0131 zamanda sulama, su temin i\u015flemleri ve yer alt\u0131 sular\u0131n\u0131n su seviyelerinin kontrollerinde de\u011ferlendirilmektedir.<\/p>\n\n\n\n<p>Dalg\u0131\u00e7 pompa \u00e7al\u0131\u015ft\u0131r\u0131lmas\u0131yla birlikte derin kuyularda su i\u015flemleri yap\u0131labilir. Bunun i\u00e7in kuyunun dibine kadar indirilmesine gerek yoktur. En az dipten 2 metre y\u00fcksekte olacak \u015fekilde monte i\u015flemi yap\u0131lmal\u0131d\u0131r. S\u0131cakl\u0131k derecesi 30 dereceye kadar olan ak\u0131\u015fkanlar i\u00e7in kullan\u0131m\u0131 s\u00f6z konusu oldu\u011fu i\u00e7in dalg\u0131\u00e7 pompa kullan\u0131mlar\u0131 da ona g\u00f6re yap\u0131lmal\u0131d\u0131r. Havuz ya da su depolar\u0131nda kullan\u0131m\u0131 i\u00e7in ise so\u011futma g\u00f6mle\u011fi bulunmal\u0131d\u0131r.<\/p>\n\n\n\n<p>Manometre ile dalg\u0131\u00e7 pompa \u00e7al\u0131\u015fmas\u0131 izlenmelidir. Elektrik motoru ve sistem hakk\u0131ndaki t\u00fcm bilgiler kuyu \u00e7\u0131k\u0131\u015f a\u011fz\u0131nda bulunacak olan manometre ile al\u0131nabilir. Bunun d\u0131\u015f\u0131nda ak\u0131m ve voltajlar\u0131n izlenmesi i\u00e7inde voltmetre ve ampermetre cihazlar\u0131ndan yararlan\u0131lmaktad\u0131r. A\u015f\u0131r\u0131 ak\u0131m ya da d\u00fc\u015f\u00fck voltaj durumlar\u0131nda elektrik sistemli motorun \u00e7al\u0131\u015fmas\u0131 s\u00f6z konusu de\u011fildir. Bununla birlikte elektrik panosu seviye elektrotu ayarlar\u0131 yap\u0131larak da i\u015flemlere ba\u015flan\u0131lmaktad\u0131r.<\/p>\n\n\n\n<p><strong>Dalg\u0131\u00e7 Pompa \u00d6zellikleri<\/strong><\/p>\n\n\n\n<p><br> Dalg\u0131\u00e7 Pompa ak\u0131\u015fkan basma i\u015flemlerinde yetersiz kal\u0131yor ise birden fazla durum etkili olabilir. \u00c7\u0131k\u0131\u015f vanas\u0131n\u0131n kapal\u0131 olma ihtimali vard\u0131r. Ayr\u0131ca d\u00f6n\u00fc\u015f y\u00f6n\u00fc ters veya kuyu su seviyesinin debiyi sa\u011flamadaki g\u00fcc\u00fc de d\u00fc\u015f\u00fckt\u00fcr. Basma borusu hasar alm\u0131\u015f, emi\u015f a\u011fz\u0131 ba\u011flant\u0131s\u0131n\u0131 olu\u015fturan s\u00fczge\u00e7 t\u0131kanm\u0131\u015f olabilir. Pompan\u0131n yanl\u0131\u015f devirde \u00e7al\u0131\u015ft\u0131r\u0131lmas\u0131 gibi bir durumda ak\u0131\u015fkan\u0131n yetersiz olmas\u0131na neden olabilir. Bunun d\u0131\u015f\u0131nda dalg\u0131\u00e7 pompa basma y\u00fcksekli\u011finin yetersiz olmas\u0131 halinde ise kuyu su seviyesinin d\u00fc\u015f\u00fck oldu\u011fu sonucu \u00e7\u0131kar\u0131labilir. D\u00f6n\u00fc\u015f y\u00f6n\u00fc ters olabilece\u011fi gibi pompa \u00e7arklar\u0131 t\u0131kanm\u0131\u015f ya da a\u015f\u0131nm\u0131\u015f olabilir. Bunlar\u0131n haricinde tesisatta ka\u00e7aklar\u0131n var olmas\u0131 da ihtimaller aras\u0131nda de\u011ferlendirilebilir. Yaz\u0131m\u0131za eklemek istedikleriniz var ise alt taraftan bize de\u011ferli yorumlar\u0131n\u0131z\u0131 belirtebilirsiniz.<\/p>\n","protected":false},"excerpt":{"rendered":"<p>Dalg\u0131\u00e7 Pompa Nedir? Nas\u0131l \u00c7al\u0131\u015f\u0131r? Dalg\u0131\u00e7 pompa, s\u0131k\u0131 bir \u015fekilde kapal\u0131 olmakla birlikte hava ve su \u00e7\u0131k\u0131\u015flar\u0131n\u0131n olma olas\u0131l\u0131\u011f\u0131 s\u0131f\u0131r olan ve monte motora sahip pompalara verilen genel bir isim olarak tan\u0131mlayabiliriz. \u00dclkemiz de genellikle tarlalarda duydu\u011fumuz dalg\u0131\u00e7 pompalar bir\u00e7ok farkl\u0131 ama\u00e7 i\u00e7in kullan\u0131lmaktad\u0131r. Yaz\u0131m\u0131zda dalg\u0131\u00e7 pompan\u0131n ne i\u015fe yarad\u0131\u011f\u0131n\u0131, nas\u0131l \u00e7al\u0131\u015ft\u0131\u011f\u0131n\u0131 ve \u00f6zelliklerini bulabileceksiniz. [&hellip;]<\/p>\n","protected":false},"author":1,"featured_media":0,"parent":0,"menu_order":0,"comment_status":"closed","ping_status":"closed","template":"","meta":[],"_links":{"self":[{"href":"https:\/\/yildizteknikmanavgat.com\/index.php?rest_route=\/wp\/v2\/pages\/372"}],"collection":[{"href":"https:\/\/yildizteknikmanavgat.com\/index.php?rest_route=\/wp\/v2\/pages"}],"about":[{"href":"https:\/\/yildizteknikmanavgat.com\/index.php?rest_route=\/wp\/v2\/types\/page"}],"author":[{"embeddable":true,"href":"https:\/\/yildizteknikmanavgat.com\/index.php?rest_route=\/wp\/v2\/users\/1"}],"replies":[{"embeddable":true,"href":"https:\/\/yildizteknikmanavgat.com\/index.php?rest_route=%2Fwp%2Fv2%2Fcomments&post=372"}],"version-history":[{"count":4,"href":"https:\/\/yildizteknikmanavgat.com\/index.php?rest_route=\/wp\/v2\/pages\/372\/revisions"}],"predecessor-version":[{"id":588,"href":"https:\/\/yildizteknikmanavgat.com\/index.php?rest_route=\/wp\/v2\/pages\/372\/revisions\/588"}],"wp:attachment":[{"href":"https:\/\/yildizteknikmanavgat.com\/index.php?rest_route=%2Fwp%2Fv2%2Fmedia&parent=372"}],"curies":[{"name":"wp","href":"https:\/\/api.w.org\/{rel}","templated":true}]}}