{"id":368,"date":"2019-02-06T09:28:13","date_gmt":"2019-02-06T09:28:13","guid":{"rendered":"http:\/\/yildizteknikmanavgat.com\/?page_id=368"},"modified":"2019-02-06T12:58:45","modified_gmt":"2019-02-06T12:58:45","slug":"elektrik-taahhut-isleri","status":"publish","type":"page","link":"https:\/\/yildizteknikmanavgat.com\/?page_id=368","title":{"rendered":"Elektrik AG\/OG Proje Taahh\u00fct \u0130\u015fleri"},"content":{"rendered":"\n<h2 class=\"wp-block-heading\">Elektrik AG\/OG Proje Taahh\u00fct \u0130\u015fleri<\/h2>\n\n\n\n<p><\/p>\n\n\n\n<figure class=\"wp-block-image is-resized\"><img decoding=\"async\" loading=\"lazy\" src=\"http:\/\/yildizteknikmanavgat.com\/wp-content\/uploads\/2019\/02\/20190131_162250_trafo-1024x615.jpg\" alt=\"\" class=\"wp-image-382\" width=\"365\" height=\"219\" srcset=\"https:\/\/yildizteknikmanavgat.com\/wp-content\/uploads\/2019\/02\/20190131_162250_trafo-1024x615.jpg 1024w, https:\/\/yildizteknikmanavgat.com\/wp-content\/uploads\/2019\/02\/20190131_162250_trafo-300x180.jpg 300w, https:\/\/yildizteknikmanavgat.com\/wp-content\/uploads\/2019\/02\/20190131_162250_trafo-768x461.jpg 768w, https:\/\/yildizteknikmanavgat.com\/wp-content\/uploads\/2019\/02\/20190131_162250_trafo.jpg 1152w\" sizes=\"(max-width: 365px) 100vw, 365px\" \/><\/figure>\n\n\n\n<p>Elektrik AG\/OG projeleri taahh\u00fct i\u015fleri, elektrik i\u00e7 tesisat proje  tadilat i\u015fleri, konut, otel, i\u015fyerlerinde yap\u0131lan tadilatlar ile pano imalat\u0131 ve bak\u0131mlar\u0131 firmam\u0131z taraf\u0131ndan disiplinli bir \u00e7al\u0131\u015fma ile ger\u00e7ekle\u015ftirilmektedir.<\/p>\n\n\n\n<p>Elektrik Panolar\u0131, bir i\u015fletmede elektrik t\u00fcketimini kar\u015f\u0131layarak, i\u015fyerindeki t\u00fcm cihazlar\u0131n elektrik tesisat\u0131n\u0131n g\u00fcvenli bir \u015fekilde \u00e7al\u0131\u015fmas\u0131n\u0131 sa\u011flayan ekipmanlar\u0131n bir araya gelerek olu\u015fturduklar\u0131 donan\u0131ma denmektedir. Bu panolar binadaki ya da tesisattaki elektri\u011fin sistemlere da\u011f\u0131t\u0131lmas\u0131n\u0131 sa\u011flar. Elektri\u011fi iletirken de i\u00e7erisinde \u015falt malzeme ve kablolar\u0131n yer ald\u0131\u011f\u0131 kabinden olu\u015fur.<\/p>\n\n\n\n<p>Elektrik panosu montaj\u0131 i\u00e7erisinde yer alanlar; aktif elektrik sayac\u0131, g\u00fc\u00e7 kontakt\u00f6rleri, reaktif elektrik sayac\u0131, elektrik bara ve kondansat\u00f6rler, \u00f6l\u00e7\u00fc aletleri , voltmetre, g\u00fc\u00e7 r\u00f6lesi, ampermetre, kontrol r\u00f6lesi, kesici \u015falterler, elektrik sigortas\u0131 elektrikle \u00e7al\u0131\u015fan k\u0131s\u0131mlar\u0131m komuta ve kontrol d\u00fc\u011fmeleri ve sinyal lambas\u0131 &#8230;.<\/p>\n\n\n\n<p>PANO BAKIM N\u0130\u00c7\u0130N YAPILIR?<\/p>\n\n\n\n<p>Olu\u015fabilecek zaman ve \u00fcretim kay\u0131plar\u0131n\u0131 engellemek amac\u0131yla,<br> Kullan\u0131lan ekipmanlar\u0131n g\u00fcvenli\u011fi ve kullan\u0131m s\u00fcrelerini uzatmak i\u00e7in,<br> \u0130\u015f g\u00fcvenli\u011fi ve i\u015f\u00e7i sa\u011fl\u0131\u011f\u0131 i\u00e7in, i\u015fyerinde elektrikle \u00e7al\u0131\u015fan ekipmanlar\u0131n da\u011f\u0131n\u0131k halde durmalar\u0131n\u0131 engellemek i\u00e7in, ya\u015fam alanlar\u0131nda veya \u00e7al\u0131\u015fma yerlerinde y\u00fcksek konfor ve rahatl\u0131k sa\u011flamak amac\u0131yla, ortaya \u00e7\u0131kabilecek ar\u0131zalar\u0131 \u00f6nledi\u011finden i\u015fletmeler i\u00e7in maliyeti azalmak i\u00e7in yap\u0131lmaktad\u0131r.<\/p>\n\n\n\n<p>Elektrik panolar\u0131n\u0131n bak\u0131m\u0131 \u00f6nem arz etmektedir. \u0130\u015f sa\u011fl\u0131\u011f\u0131 ve i\u015f g\u00fcvenli\u011fi ile i\u015f s\u00fcrelerinin kesilmeden devam edebilmesi i\u00e7in elektrik pano bak\u0131mlar\u0131n\u0131n tam olmas\u0131 gerekmektedir. Panolar\u0131n i\u015fletmelerin olmazsa olmazlar\u0131d\u0131r ve daima uzman ki\u015filerce kontrol edilerek d\u00fczenli olarak bak\u0131mlar\u0131 yap\u0131lmal\u0131d\u0131r.<\/p>\n\n\n\n<p>Elektrik sistemlerindeki zamanla eskimi\u015f kablo, kondansat\u00f6r, fan, kontakt\u00f6r, trafo, motor, sigorta, ups, ak\u00fc, plc ve r\u00f6le gibi ekipmanlar\u0131n bak\u0131mlar\u0131 yap\u0131lmas\u0131 gerekmektedir. Olu\u015fan ar\u0131zalar giderilmedi\u011fi takdirde yenisiyle de\u011fi\u015ftirilmesi gerekir ve ayarlar\u0131n\u0131n yap\u0131larak g\u00f6revini eskisi gibi yap\u0131lmas\u0131 sa\u011flanmal\u0131d\u0131r.<\/p>\n\n\n\n<p>Elektrik Panolar\u0131nda Yap\u0131lan Rutin Periyodik Testler;<br>\nYal\u0131t\u0131m testleri,<br>\nTopraklama kablosu muayenesi,<br>\nElektriksel i\u015flevsellik testi,<br>\nBu testler g\u00fcvenlik a\u00e7\u0131s\u0131ndan yap\u0131lmal\u0131d\u0131r. Elektrik pano sistemlerinin uzun \u00f6m\u00fcrl\u00fc olmas\u0131 a\u00e7\u0131s\u0131ndan olduk\u00e7a \u00f6nemlidir.<\/p>\n\n\n\n<figure class=\"wp-block-image\"><img decoding=\"async\" loading=\"lazy\" width=\"352\" height=\"461\" src=\"http:\/\/yildizteknikmanavgat.com\/wp-content\/uploads\/2019\/02\/pano-1.jpg\" alt=\"\" class=\"wp-image-386\" srcset=\"https:\/\/yildizteknikmanavgat.com\/wp-content\/uploads\/2019\/02\/pano-1.jpg 352w, https:\/\/yildizteknikmanavgat.com\/wp-content\/uploads\/2019\/02\/pano-1-229x300.jpg 229w\" sizes=\"(max-width: 352px) 100vw, 352px\" \/><\/figure>\n\n\n\n<p><strong>Elektrik Pano \u0130malat\u0131&nbsp;<\/strong><\/p>\n\n\n\n<p>M\u00fc\u015fteri talebine uyun pano imalatlar\u0131 ger\u00e7ekle\u015ftirilmektedir. \u00d6zel tasar\u0131m panolar\u0131, sulama sistemleri, dalg\u0131\u00e7 pompa, otellerde ihtiyaca ba\u011fl\u0131 panolar .<\/p>\n\n\n\n<p><\/p>\n\n\n\n<p style=\"text-align:left\"><strong>Elektrik Pano Montaj\u0131<\/strong><br>Elektrik pano montaj\u0131 yap\u0131ld\u0131ktan sonra topraklama yap\u0131lmas\u0131 gerekmektedir. \u00c7\u00fcnk\u00fc topraklama yap\u0131lmas\u0131 can g\u00fcvenli\u011fi a\u00e7\u0131s\u0131ndan olduk\u00e7a \u00f6nemlidir. Pano \u00fczerindeki cihazlar\u0131n hasar g\u00f6rmemesi ve panoyu kullanan ki\u015fileri korumak i\u00e7in de tedbir olarak yap\u0131lmas\u0131 gerekir.<\/p>\n\n\n\n<p>Sac malzemesinden olan panolarda, vida, mente\u015fe, ray kap\u0131 gibi par\u00e7alar iletkendir. Panoya ba\u011flanan g\u00fc\u00e7 kablolar\u0131ndan y\u00fcksek ak\u0131m ge\u00e7er ve manyetik ak\u0131m olu\u015fur. Bu y\u00fczden \u00e7evredeki canl\u0131lara zarar vermemesi ve elektrik g\u00fcvenli\u011fi a\u00e7\u0131s\u0131ndan panonun t\u00fcm par\u00e7alar\u0131 topraklanmaktad\u0131r.<\/p>\n\n\n\n<p><\/p>\n","protected":false},"excerpt":{"rendered":"<p>Elektrik AG\/OG Proje Taahh\u00fct \u0130\u015fleri Elektrik AG\/OG projeleri taahh\u00fct i\u015fleri, elektrik i\u00e7 tesisat proje tadilat i\u015fleri, konut, otel, i\u015fyerlerinde yap\u0131lan tadilatlar ile pano imalat\u0131 ve bak\u0131mlar\u0131 firmam\u0131z taraf\u0131ndan disiplinli bir \u00e7al\u0131\u015fma ile ger\u00e7ekle\u015ftirilmektedir. Elektrik Panolar\u0131, bir i\u015fletmede elektrik t\u00fcketimini kar\u015f\u0131layarak, i\u015fyerindeki t\u00fcm cihazlar\u0131n elektrik tesisat\u0131n\u0131n g\u00fcvenli bir \u015fekilde \u00e7al\u0131\u015fmas\u0131n\u0131 sa\u011flayan ekipmanlar\u0131n bir araya gelerek olu\u015fturduklar\u0131 [&hellip;]<\/p>\n","protected":false},"author":1,"featured_media":0,"parent":0,"menu_order":0,"comment_status":"closed","ping_status":"closed","template":"","meta":[],"_links":{"self":[{"href":"https:\/\/yildizteknikmanavgat.com\/index.php?rest_route=\/wp\/v2\/pages\/368"}],"collection":[{"href":"https:\/\/yildizteknikmanavgat.com\/index.php?rest_route=\/wp\/v2\/pages"}],"about":[{"href":"https:\/\/yildizteknikmanavgat.com\/index.php?rest_route=\/wp\/v2\/types\/page"}],"author":[{"embeddable":true,"href":"https:\/\/yildizteknikmanavgat.com\/index.php?rest_route=\/wp\/v2\/users\/1"}],"replies":[{"embeddable":true,"href":"https:\/\/yildizteknikmanavgat.com\/index.php?rest_route=%2Fwp%2Fv2%2Fcomments&post=368"}],"version-history":[{"count":7,"href":"https:\/\/yildizteknikmanavgat.com\/index.php?rest_route=\/wp\/v2\/pages\/368\/revisions"}],"predecessor-version":[{"id":405,"href":"https:\/\/yildizteknikmanavgat.com\/index.php?rest_route=\/wp\/v2\/pages\/368\/revisions\/405"}],"wp:attachment":[{"href":"https:\/\/yildizteknikmanavgat.com\/index.php?rest_route=%2Fwp%2Fv2%2Fmedia&parent=368"}],"curies":[{"name":"wp","href":"https:\/\/api.w.org\/{rel}","templated":true}]}}