{"id":28,"date":"2014-09-17T15:41:37","date_gmt":"2014-09-17T15:41:37","guid":{"rendered":"http:\/\/test.wptemalari.net\/wptkurumsal\/?page_id=28"},"modified":"2024-08-31T11:29:51","modified_gmt":"2024-08-31T11:29:51","slug":"anasayfa","status":"publish","type":"page","link":"https:\/\/yildizteknikmanavgat.com\/","title":{"rendered":"Anasayfa"},"content":{"rendered":"<div id=\"aq-block-27-1\" class=\"aq-block aq-block-slider_block grid_12 aq-first clearfix\"><div id=\"slider\"><ul><li><img src=\"https:\/\/yildizteknikmanavgat.com\/wp-content\/uploads\/2025\/05\/su-depo-tank.jpg\" alt=\"\" \/><\/li>\r\n<li><img src=\"https:\/\/yildizteknikmanavgat.com\/wp-content\/uploads\/2025\/01\/114-ayakkabi-1.png\" alt=\"\u0130\u015f G\u00fcvenli\u011fi Ekipmanlar\u0131 ve Malzemeleri\" \/><h1>\u0130\u015f G\u00fcvenli\u011fi Ekipmanlar\u0131 ve Malzemeleri<\/h1><\/li>\r\n<li><img src=\"https:\/\/yildizteknikmanavgat.com\/wp-content\/uploads\/2019\/12\/YILDIZTEKNIK-JENERATOR-3.jpeg\" alt=\"END\u00dcSTR\u0130YEL VE PORTAT\u0130F JENERAT\u00d6RLER\" \/><h1>END\u00dcSTR\u0130YEL VE PORTAT\u0130F JENERAT\u00d6RLER<\/h1><\/li>\r\n<li><img src=\"https:\/\/yildizteknikmanavgat.com\/wp-content\/uploads\/2019\/11\/full-1.jpg\" alt=\"Reis Makina Full Jenerat\u00f6r 22 KVA -220 KVA\" \/><h1>Reis Makina Full Jenerat\u00f6r 22 KVA -220 KVA<\/h1><\/li>\r\n<li><img src=\"https:\/\/yildizteknikmanavgat.com\/wp-content\/uploads\/2019\/01\/YILDIZ-TEKNIK-HIRDAVAT.jpg\" alt=\"\u00dcr\u00fcnlerimiz\" \/><h1>\u00dcr\u00fcnlerimiz<\/h1><\/li>\r\n<li><img src=\"https:\/\/yildizteknikmanavgat.com\/wp-content\/uploads\/2014\/09\/20190131_143738-sera-sulama-sisleme-sistemi-2.jpg\" alt=\"Muz, Ejder Meyvesi (Pitaya) Seralar\u0131 Sisleme, Damlama ve Spring Sulama sistemleri kurulumu\" \/><h1>Muz, Ejder Meyvesi (Pitaya) Seralar\u0131 Sisleme, Damlama ve Spring Sulama sistemleri kurulumu<\/h1><\/li>\r\n<li><img src=\"https:\/\/yildizteknikmanavgat.com\/wp-content\/uploads\/2014\/09\/bobinaj-motor-sarimi-bobinaj-teli.jpg\" alt=\"Her \u00e7e\u015fit elektrik motorunun tamiri ve bobinaj\u0131\" \/><h1>Her \u00e7e\u015fit elektrik motorunun tamiri ve bobinaj\u0131<\/h1><\/li>\r\n<li><img src=\"https:\/\/yildizteknikmanavgat.com\/wp-content\/uploads\/2014\/09\/20190131_131558-sera-sulama-otomasyon-sistemi-1.jpg\" alt=\"Sera elektronik otomasyon sistemleri\" \/><h1>Sera elektronik otomasyon sistemleri<\/h1><\/li>\r\n<li><img src=\"https:\/\/yildizteknikmanavgat.com\/wp-content\/uploads\/2014\/09\/dalgic-pompa-hidrofor-kazani-nortek-alarko-impo.jpg\" alt=\"Her \u00e7e\u015fit dalg\u0131\u00e7 pompa kurulumu\" \/><h1>Her \u00e7e\u015fit dalg\u0131\u00e7 pompa kurulumu<\/h1><\/li>\r\n<li><img src=\"https:\/\/yildizteknikmanavgat.com\/wp-content\/uploads\/2014\/09\/20190131_162250_trafo-1.jpg\" alt=\"Trafo Projeleri\" \/><h1>Trafo Projeleri<\/h1><\/li>\r\n<\/ul><\/div>\r\n\t\t\t\r\n<\/div><div id=\"aq-block-27-2\" class=\"aq-block aq-block-bosluk_block grid_12 aq-first clearfix\"><div class=\"cf\" style=\"border-bottom:1px solid #eeeeee;margin:0px auto;width:50%;\"><\/div><\/div><div id=\"aq-block-27-3\" class=\"aq-block aq-block-duyuru_block grid_12 aq-first clearfix\"><div class=\"duyuru\" style=\"font-size:16px;background:#6d003a;color:#f8f8f8;padding:15px;font-weight:bold;font-style:italic;\">\r\nM\u00fchendislik hizmetleri, Elektrik AG\/OG sistemlerinin projelendirilmesi ve kurulum i\u015flemleri, her t\u00fcrl\u00fc elektrik motorlar\u0131n\u0131n tamiri, bak\u0131m\u0131 ve bobinaj i\u015flemleri, modern muz ve sebze seralar\u0131n\u0131n sulama ve spring sistemleri ve ak\u0131ll\u0131 sera otomasyon sistemleri kurulumu ve bak\u0131m\u0131 yap\u0131lmaktad\u0131r.  <\/div>\r\n<\/div>\n","protected":false},"excerpt":{"rendered":"","protected":false},"author":1,"featured_media":0,"parent":0,"menu_order":0,"comment_status":"open","ping_status":"closed","template":"homepages.php","meta":[],"_links":{"self":[{"href":"https:\/\/yildizteknikmanavgat.com\/index.php?rest_route=\/wp\/v2\/pages\/28"}],"collection":[{"href":"https:\/\/yildizteknikmanavgat.com\/index.php?rest_route=\/wp\/v2\/pages"}],"about":[{"href":"https:\/\/yildizteknikmanavgat.com\/index.php?rest_route=\/wp\/v2\/types\/page"}],"author":[{"embeddable":true,"href":"https:\/\/yildizteknikmanavgat.com\/index.php?rest_route=\/wp\/v2\/users\/1"}],"replies":[{"embeddable":true,"href":"https:\/\/yildizteknikmanavgat.com\/index.php?rest_route=%2Fwp%2Fv2%2Fcomments&post=28"}],"version-history":[{"count":1,"href":"https:\/\/yildizteknikmanavgat.com\/index.php?rest_route=\/wp\/v2\/pages\/28\/revisions"}],"predecessor-version":[{"id":351,"href":"https:\/\/yildizteknikmanavgat.com\/index.php?rest_route=\/wp\/v2\/pages\/28\/revisions\/351"}],"wp:attachment":[{"href":"https:\/\/yildizteknikmanavgat.com\/index.php?rest_route=%2Fwp%2Fv2%2Fmedia&parent=28"}],"curies":[{"name":"wp","href":"https:\/\/api.w.org\/{rel}","templated":true}]}}